{"id":3,"date":"2022-08-23T15:58:00","date_gmt":"2022-08-23T13:58:00","guid":{"rendered":"https:\/\/www.festaquilone.it\/?page_id=3"},"modified":"2024-11-09T15:25:13","modified_gmt":"2024-11-09T14:25:13","slug":"privacy-policy","status":"publish","type":"page","link":"https:\/\/www.festaquilone.it\/?page_id=3","title":{"rendered":"Privacy Policy"},"content":{"rendered":"\n<p><strong>Privacy Policy del sito<\/strong><\/p>\n\n\n\n<p>Nel rispetto degli obblighi derivanti dalla normativa nazionale (D. Lgs. 30 giugno 2003 n. 196, del D. Lgs. n. 101\/2018), europea (Regolamento europeo per la protezione dei dati personali n. 679\/2016, GDPR) e successive modifiche ed integrazioni, il presente sito rispetta e tutela la riservatezza dei visitatori e degli utenti, ponendo in essere ogni misura tecnica ed organizzativa adeguata affinch\u00e9 non siano lesi i diritti degli utenti.<\/p>\n\n\n\n<p>La presente privacy policy si applica esclusivamente alle attivit\u00e0 <em>online<\/em> del presente sito ed \u00e8 valida per i visitatori\/utenti del sito. Non si applica alle informazioni raccolte tramite canali diversi dal presente sito <em>web<\/em>. Lo scopo dell\u2019informativa privacy \u00e8 di fornire la massima trasparenza relativamente alle informazioni che il sito raccoglie e come le usa.<\/p>\n\n\n\n<p><strong>Titolare del trattamento<\/strong><\/p>\n\n\n\n<p>Titolare del trattamento \u00e8 <strong>Urbino Servizi S.p.A.<\/strong>, con sede legale a Urbino (PU), in via Puccinotti 3, P.IVA n. 02168050413, (di seguito denominato \u201c<strong>Urbino Servizi<\/strong>\u201d).<\/p>\n\n\n\n<p>Per contattare il Titolare in materia di <em>privacy<\/em> \u00e8 possibile scrivere a: <a href=\"mailto:privacy@urbinoservizi.it\">privacy@urbinoservizi.it<\/a><\/p>\n\n\n\n<p><a><\/a>Il Responsabile della protezione dati (RPD\/DPO) \u00e8 l\u2019Avv. Chiara Frangione, contattabile all\u2019indirizzo mail: <a href=\"mailto:dpo@urbinoservizi.it\">dpo@urbinoservizi.it<\/a><\/p>\n\n\n\n<p>L\u2019elenco aggiornato dei Responsabili e degli Autorizzati al trattamento \u00e8 nella sede sopra citata.<\/p>\n\n\n\n<p><strong>Natura dei dati &#8211; dati di navigazione<\/strong><\/p>\n\n\n\n<p>I sistemi informatici e le procedure <em>software<\/em> preposte al funzionamento del presente sito acquisiscono, nel normale esercizio, alcuni dati personali che vengono poi trasmessi implicitamente nell\u2019uso dei protocolli di comunicazione Internet. Si tratta di informazioni che per loro stessa natura potrebbero, attraverso elaborazioni e associazioni con dati detenuti da terzi, permettere di identificare gli utenti. In questa categoria di dati rientrano gli indirizzi IP o i nomi a dominio dei computer utilizzati dagli utenti che si connettono al sito, gli indirizzi in notazione URI (<em>Uniform Resource Identifier<\/em>) delle risorse richieste, l\u2019orario della richiesta, il metodo utilizzato nel sottoporre la richiesta al server, la dimensione del file ottenuto in risposta, il codice numerico indicante lo stato della risposta data dal server (buon fine, errore, ecc.), il numero dei click ed altri parametri relativi al sistema operativo e all\u2019ambiente informatico dell\u2019utente.<\/p>\n\n\n\n<h2 class=\"wp-block-heading\">I nostri partner!<\/h2>\n\n\n\n<p>Il nostro sito \u00e8 orgoglioso di collaborare con <a href=\"https:\/\/alpino-casino.it\/\">Alpino Casino<\/a>, offrendo un&#8217;esperienza di gioco online sicura e divertente per tutti i nostri visitatori. Attraverso questa partnership, siamo in grado di proporre promozioni esclusive e vantaggi speciali per chi desidera esplorare il mondo del casin\u00f2 online. Alpino Casino \u00e8 un partner di fiducia, riconosciuto per la sua integrit\u00e0 e per l&#8217;impegno a garantire il massimo livello di sicurezza per i giocatori. Grazie a questa collaborazione, possiamo offrire contenuti e servizi di qualit\u00e0, in linea con le esigenze dei nostri utenti e con i valori del nostro sito.<br><\/p>\n\n\n\n<p><strong>Base giuridica del trattamento<\/strong><\/p>\n\n\n\n<p>Il presente sito tratta i dati prevalentemente in base al consenso dell\u2019utente. Il conferimento del consenso avviene tramite l\u2019uso o la consultazione del sito, quale comportamento concludente. Con l\u2019uso o la consultazione del presente sito, i visitatori e gli utenti approvano esplicitamente la presente privacy policy e acconsentono al trattamento dei loro dati di navigazione in relazione alle modalit\u00e0 e alle finalit\u00e0 descritte.<\/p>\n\n\n\n<p>Il conferimento dei dati \u00e8 facoltativo, l\u2019utente pu\u00f2 negare il consenso e pu\u00f2 revocare in qualsiasi momento un consenso gi\u00e0 fornito. Tuttavia negare il consenso potrebbe comportare l\u2019impossibilit\u00e0 di erogare alcuni servizi e l\u2019esperienza di navigazione nel sito sarebbe compromessa.<\/p>\n\n\n\n<p>Il Titolare del trattamento potr\u00e0 usare i suoi dati anche in relazione all&#8217;assolvimento di obblighi previsti da leggi dello Stato, regolamenti e normative comunitarie (da disposizioni impartite da autorit\u00e0 a ci\u00f2 legittimate dalla legge e da organi di controllo o di vigilanza, il relativo trattamento non richiede il consenso dell\u2019interessato.<\/p>\n\n\n\n<p><strong>Finalit\u00e0, modalit\u00e0 di trattamento dei dati<\/strong><\/p>\n\n\n\n<p>La raccolta e il trattamento dei dati di navigazione sono effettuati per:<\/p>\n\n\n\n<ul class=\"wp-block-list\">\n<li>la corretta navigazione sul sito del Titolare;<\/li>\n\n\n\n<li>la gestione, l\u2019analisi e la valutazione del sito del Titolare;<\/li>\n\n\n\n<li>interesse legittimo del Titolare;<\/li>\n\n\n\n<li>fini di sicurezza: es. filtri <em>antispam<\/em>, <em>firewall<\/em>, rilevazione virus, i dati registrati automaticamente possono eventualmente comprendere anche dati come l\u2019indirizzo Ip, che potrebbe essere utilizzato, al fine di bloccare tentativi di danneggiamento al sito medesimo o di recare danno ad altri utenti, o comunque attivit\u00e0 dannose o costituenti reato. Tali dati sono utilizzati a fini di tutela del sito e dei suoi utenti e comunque in base ai legittimi interessi del Titolare.<\/li>\n<\/ul>\n\n\n\n<p>Le informazioni ricavate attraverso la navigazione sono trattate in forma automatizzata e raccolte in forma esclusivamente aggregata.<\/p>\n\n\n\n<p>Il Titolare tratta i dati raccolti attenendosi ai principi di correttezza, liceit\u00e0, pertinenza, proporzionalit\u00e0, trasparenza e nel completo rispetto delle normative vigenti.<\/p>\n\n\n\n<p>Le informazioni che gli utenti del sito riterranno di rendere pubbliche tramite i servizi e gli strumenti messi a disposizione degli stessi, sono fornite dall\u2019utente consapevolmente e volontariamente, esentando il presente sito da qualsiasi responsabilit\u00e0 in merito ad eventuali violazioni delle leggi. Spetta all\u2019utente verificare di avere i permessi per l\u2019immissione di dati personali di terzi o di contenuti tutelati dalle norme nazionali ed internazionali.<\/p>\n\n\n\n<p><strong>Periodo di conservazione dei dati<\/strong><\/p>\n\n\n\n<p>I dati raccolti dal sito durante il suo funzionamento sono utilizzati esclusivamente per le finalit\u00e0 sopra indicate e conservati per il tempo strettamente necessario a svolgere le attivit\u00e0 precisate.<\/p>\n\n\n\n<p>I dati utilizzati a fini di sicurezza (blocco tentativi di danneggiamento del sito) sono conservati per 30 giorni.<\/p>\n\n\n\n<p><strong>Destinatari<\/strong><\/p>\n\n\n\n<p>Oltre al Titolare, potrebbero avere accesso ai dati categorie di soggetti autorizzati coinvolti nell\u2019organizzazione del sito (personale amministrativo, commerciale, marketing, legali, amministratori di sistema) ovvero soggetti esterni (come fornitori di servizi tecnici terzi, corrieri postali, hosting provider, societ\u00e0 informatiche, agenzie di comunicazione), nominati appositamente.<\/p>\n\n\n\n<p>L\u2019elenco aggiornato dei Responsabili e degli Autorizzati al trattamento \u00e8 nella sede sopra citata.<\/p>\n\n\n\n<p><strong>Luogo del trattamento<\/strong><\/p>\n\n\n\n<p>I dati raccolti dal sito sono trattati presso la sede del Titolare del Trattamento, e presso il datacenter del <em>provider<\/em> Digitalocean LLC, 101 Avenue of the Americas 10th Floor New York, NY 10013 United States che \u00e8 responsabile esterno del trattamento dei dati, elaborando i dati per conto del titolare, il server si trova nello Spazio Economico Europeo e agisce in conformit\u00e0 delle norme europee.<\/p>\n\n\n\n<p><strong>Trasferimento dei dati in paesi extra UE<\/strong><\/p>\n\n\n\n<p>Il presente sito potrebbe condividere alcuni dei dati raccolti con servizi localizzati al di fuori dell\u2019Unione Europea. Il trasferimento dei dati \u00e8 conforme ai principi del GDPR 2016\/679, artt. 44-50 ed alle raccomandazioni dell\u2019EDPB.<\/p>\n\n\n\n<p><strong>Diritti dell\u2019utente<\/strong><\/p>\n\n\n\n<p>Ai sensi del Regolamento europeo 679\/2016 (GDPR) e della normativa nazionale, l\u2019Utente pu\u00f2, secondo le modalit\u00e0 e nei limiti previsti dalla vigente normativa, esercitare i seguenti diritti:<\/p>\n\n\n\n<ul class=\"wp-block-list\">\n<li>richiedere la conferma dell\u2019esistenza di dati personali che lo riguardano (diritto di accesso);<\/li>\n\n\n\n<li>conoscerne l\u2019origine;<\/li>\n\n\n\n<li>riceverne comunicazione intelligibile;<\/li>\n\n\n\n<li>avere informazioni circa la logica, le modalit\u00e0 e le finalit\u00e0 del trattamento;<\/li>\n\n\n\n<li>richiederne l\u2019aggiornamento, la rettifica, l\u2019integrazione, la cancellazione, la trasformazione in forma anonima, il blocco dei dati trattati in violazione di legge, ivi compresi quelli non pi\u00f9 necessari al perseguimento degli scopi per i quali sono stati raccolti;<\/li>\n\n\n\n<li>nei casi di trattamento basato su consenso, ricevere al solo costo dell\u2019eventuale supporto, i suoi dati forniti al titolare, in forma strutturata e leggibile da un elaboratore di dati e in un formato comunemente usato da un dispositivo elettronico;<\/li>\n\n\n\n<li>il diritto di presentare un reclamo all\u2019Autorit\u00e0 di controllo (Garante Privacy);<\/li>\n\n\n\n<li>nonch\u00e9, pi\u00f9 in generale, esercitare tutti i diritti che gli sono riconosciuti dalle vigenti disposizioni di legge.<\/li>\n<\/ul>\n\n\n\n<p>Le richieste vanno rivolte al Titolare del trattamento.<\/p>\n\n\n\n<p>Nel caso di dati trattati in base ai legittimi interessi, sono comunque garantiti i diritti degli interessati al trattamento (tranne il diritto alla portabilit\u00e0 che non \u00e8 previsto dalle norme), in particolare il diritto di opposizione al trattamento che pu\u00f2 essere esercitato inviando una richiesta al Titolare del trattamento.<\/p>\n\n\n\n<p><strong>Aggiornamenti<\/strong><\/p>\n\n\n\n<p>La presente privacy policy \u00e8 aggiornata alla data del 01.12.2023<\/p>\n\n\n\n<p><\/p>\n","protected":false},"excerpt":{"rendered":"<p>Privacy Policy del sito Nel rispetto degli obblighi derivanti dalla normativa nazionale (D. Lgs. 30 giugno 2003 n. 196, del D. Lgs. n. 101\/2018), europea (Regolamento europeo per la protezione dei dati personali n. 679\/2016, GDPR) e successive modifiche ed integrazioni, il presente sito rispetta e tutela la riservatezza dei visitatori e degli utenti, ponendo [&hellip;]<\/p>\n","protected":false},"author":1,"featured_media":0,"parent":0,"menu_order":0,"comment_status":"closed","ping_status":"open","template":"","meta":{"footnotes":""},"class_list":["post-3","page","type-page","status-publish","hentry"],"_links":{"self":[{"href":"https:\/\/www.festaquilone.it\/index.php?rest_route=\/wp\/v2\/pages\/3","targetHints":{"allow":["GET"]}}],"collection":[{"href":"https:\/\/www.festaquilone.it\/index.php?rest_route=\/wp\/v2\/pages"}],"about":[{"href":"https:\/\/www.festaquilone.it\/index.php?rest_route=\/wp\/v2\/types\/page"}],"author":[{"embeddable":true,"href":"https:\/\/www.festaquilone.it\/index.php?rest_route=\/wp\/v2\/users\/1"}],"replies":[{"embeddable":true,"href":"https:\/\/www.festaquilone.it\/index.php?rest_route=%2Fwp%2Fv2%2Fcomments&post=3"}],"version-history":[{"count":5,"href":"https:\/\/www.festaquilone.it\/index.php?rest_route=\/wp\/v2\/pages\/3\/revisions"}],"predecessor-version":[{"id":1449,"href":"https:\/\/www.festaquilone.it\/index.php?rest_route=\/wp\/v2\/pages\/3\/revisions\/1449"}],"wp:attachment":[{"href":"https:\/\/www.festaquilone.it\/index.php?rest_route=%2Fwp%2Fv2%2Fmedia&parent=3"}],"curies":[{"name":"wp","href":"https:\/\/api.w.org\/{rel}","templated":true}]}}